{"id":218,"date":"2021-10-08T00:24:33","date_gmt":"2021-10-08T06:24:33","guid":{"rendered":"https:\/\/glossybeauty.com.mx\/blog\/?page_id=218"},"modified":"2021-10-08T00:24:33","modified_gmt":"2021-10-08T06:24:33","slug":"sobre-glossy-beauty","status":"publish","type":"page","link":"https:\/\/glossybeauty.com.mx\/blog\/sobre-glossy-beauty\/","title":{"rendered":"Sobre Glossy Beauty"},"content":{"rendered":"\n<div class=\"row\">\n  <div class=\"col-md-6\">\n    <div class=\"image-about\">\n      <img src=\"https:\/\/glossybeauty.com.mx\/blog\/wp-content\/uploads\/2021\/10\/blog-maquillaje-cuidado-de-la-piel-768x1024.jpg\">\n    <\/div>\n  <\/div>\n  <div class=\"col-md-6\">\n    <div class=\"text-about\">\n    <h1>Sobre el blog<\/h1>\n    <p>A trav\u00e9s de este blog escribir\u00e9 sobre dos temas que me apasionan, maquillaje y cuidado de la piel, comparti\u00e9ndote mi opini\u00f3n sobre productos que he probado, favoritos del momento as\u00ed como tips e informaci\u00f3n relacionada. Espero que lo que encuentres te pueda ser \u00fatil.<\/p>\n    <h2>Un poco acerca de m\u00ed<\/h2>\n    <p>Tengo piel sensible y grasa as\u00ed que he tenido que ser muy cuidadosa con los productos que pruebo. En maquillaje menos es m\u00e1s.<\/p>\n    <h2>Contacto<\/h2>\n    <p>Para cualquier solicitud escr\u00edbeme a\u00a0<a rel=\"noreferrer noopener\" href=\"mailto:info@glossybeauty.com.mx\" target=\"_blank\">info@glossybeauty.com.mx<\/a><\/p>\n    <\/div>\n  <\/div>\n<\/div>\n","protected":false},"excerpt":{"rendered":"<p>Sobre el blog A trav\u00e9s de este blog escribir\u00e9 sobre dos temas que me apasionan, maquillaje y cuidado de la piel, comparti\u00e9ndote mi opini\u00f3n sobre productos que he probado, favoritos del momento as\u00ed como tips e informaci\u00f3n relacionada. Espero que lo que encuentres te pueda ser \u00fatil. Un poco acerca de m\u00ed Tengo piel sensible [&hellip;]<\/p>\n","protected":false},"author":1,"featured_media":0,"parent":0,"menu_order":0,"comment_status":"closed","ping_status":"closed","template":"","meta":[],"_links":{"self":[{"href":"https:\/\/glossybeauty.com.mx\/blog\/wp-json\/wp\/v2\/pages\/218"}],"collection":[{"href":"https:\/\/glossybeauty.com.mx\/blog\/wp-json\/wp\/v2\/pages"}],"about":[{"href":"https:\/\/glossybeauty.com.mx\/blog\/wp-json\/wp\/v2\/types\/page"}],"author":[{"embeddable":true,"href":"https:\/\/glossybeauty.com.mx\/blog\/wp-json\/wp\/v2\/users\/1"}],"replies":[{"embeddable":true,"href":"https:\/\/glossybeauty.com.mx\/blog\/wp-json\/wp\/v2\/comments?post=218"}],"version-history":[{"count":6,"href":"https:\/\/glossybeauty.com.mx\/blog\/wp-json\/wp\/v2\/pages\/218\/revisions"}],"predecessor-version":[{"id":225,"href":"https:\/\/glossybeauty.com.mx\/blog\/wp-json\/wp\/v2\/pages\/218\/revisions\/225"}],"wp:attachment":[{"href":"https:\/\/glossybeauty.com.mx\/blog\/wp-json\/wp\/v2\/media?parent=218"}],"curies":[{"name":"wp","href":"https:\/\/api.w.org\/{rel}","templated":true}]}}